{"id":1878,"date":"2016-05-25T12:13:19","date_gmt":"2016-05-25T12:13:19","guid":{"rendered":"http:\/\/wp.magnium-themes.com\/thebuilt\/thebuilt-4\/?page_id=1878"},"modified":"2024-07-17T10:37:39","modified_gmt":"2024-07-17T10:37:39","slug":"iletisim","status":"publish","type":"page","link":"https:\/\/www.dibainsaat.com.tr\/index.php\/iletisim\/","title":{"rendered":"\u0130leti\u015fim"},"content":{"rendered":"<div class=\"wpb-content-wrapper\"><p>[vc_row full_width=&#8221;stretch_row_content_no_spaces&#8221; css=&#8221;.vc_custom_1464179425808{margin-top: -30px !important;margin-bottom: 0px !important;}&#8221;][vc_column][vc_gmaps link=&#8221;#E-8_JTNDaWZyYW1lJTIwc3JjJTNEJTIyaHR0cHMlM0ElMkYlMkZ3d3cuZ29vZ2xlLmNvbSUyRm1hcHMlMkZlbWJlZCUzRnBiJTNEJTIxMW0xOCUyMTFtMTIlMjExbTMlMjExZDMwMTQuOTAzMTExNjk0NDM5MyUyMTJkMjkuMTc3MDkxMTc2NzI2NzczJTIxM2Q0MC45MTc4NzAyMjQ5ODU4MjYlMjEybTMlMjExZjAlMjEyZjAlMjEzZjAlMjEzbTIlMjExaTEwMjQlMjEyaTc2OCUyMTRmMTMuMSUyMTNtMyUyMTFtMiUyMTFzMHgxNGNhYzQ2NzNmODZkZGQxJTI1M0EweDlhYWFkNjIwYmZjMGJjNjIlMjEyc0hBTkFSVCUyNTIwTSUyNUM0JTI1QjBNQVJMSUslMjE1ZTAlMjEzbTIlMjExc3RyJTIxMnN0ciUyMTR2MTcxODI2ODYzNDcwMSUyMTVtMiUyMTFzdHIlMjEyc3RyJTIyJTIwd2lkdGglM0QlMjI2MDAlMjIlMjBoZWlnaHQlM0QlMjI0NTAlMjIlMjBmcmFtZWJvcmRlciUzRCUyMjAlMjIlMjBzdHlsZSUzRCUyMmJvcmRlciUzQTAlMjIlMjBhbGxvd2Z1bGxzY3JlZW4lM0UlM0MlMkZpZnJhbWUlM0U=&#8221; css=&#8221;&#8221;][\/vc_column][\/vc_row][vc_row full_width=&#8221;stretch_row&#8221; css=&#8221;.vc_custom_1721212656902{padding-bottom: 50px !important;background-color: #1c1f26 !important;}&#8221;][vc_column width=&#8221;1\/2&#8243;]<div class=\"mgt-icon-box wpb_content_element wpb_animate_when_almost_visible wpb_left-to-right mgt-icon-box-right mgt-icon-fa text-white \"><div class=\"mgt-icon-box-icon hvr-icon-push\"><div class=\"mgt-font-icon\"><i class=\"fa fa-map\"><\/i><\/div><\/div><div class=\"mgt-icon-box-content\"><h5>Adres<\/h5>So\u011fanl\u0131k Yeni Mahalle, Alia\u011fa Sk. Bumerang Kartal Rezidans, No:8 \u0130\u00e7 Kap\u0131 No:165 (34880) Kartal \/ \u0130STANBUL<\/div><div class=\"clearfix\"><\/div><\/div><div class=\"mgt-icon-box wpb_content_element wpb_animate_when_almost_visible wpb_left-to-right mgt-icon-box-right mgt-icon-fa text-white \"><div class=\"mgt-icon-box-icon hvr-icon-push\"><div class=\"mgt-font-icon\"><i class=\"fa fa-calendar\"><\/i><\/div><\/div><div class=\"mgt-icon-box-content\"><h5>\u00c7al\u0131\u015fma Saatlerimiz<\/h5>Pazartesi &#8211; Cuma: 9:00 \/ 18:00<\/p>\n<p>Cumartesi &#8211; Pazar : Kapal\u0131<\/div><div class=\"clearfix\"><\/div><\/div>[\/vc_column][vc_column width=&#8221;1\/2&#8243;]<div class=\"mgt-icon-box wpb_content_element wpb_animate_when_almost_visible wpb_left-to-right mgt-icon-box-right mgt-icon-fa text-white \"><div class=\"mgt-icon-box-icon hvr-icon-push\"><div class=\"mgt-font-icon\"><i class=\"fa fa-phone\"><\/i><\/div><\/div><div class=\"mgt-icon-box-content\"><h5>Telefon<\/h5>+90 216 290 10 99<\/div><div class=\"clearfix\"><\/div><\/div><div class=\"mgt-icon-box wpb_content_element wpb_animate_when_almost_visible wpb_left-to-right mgt-icon-box-right mgt-icon-fa text-white \"><div class=\"mgt-icon-box-icon hvr-icon-push\"><div class=\"mgt-font-icon\"><i class=\"fa fa-envelope\"><\/i><\/div><\/div><div class=\"mgt-icon-box-content\"><h5>E-mail<\/h5><a href=\"mailto:hanart@hanartmimarlik.com.tr\">hanart@hanartmimarlik.com.tr<\/a><\/p>\n<p><a href=\"mailto:info@dibainsaat.com.tr\">info@dibainsaat.com.tr<\/a><\/div><div class=\"clearfix\"><\/div><\/div>[\/vc_column][\/vc_row]<\/p>\n<\/div>","protected":false},"excerpt":{"rendered":"<p>[vc_row full_width=&#8221;stretch_row_content_no_spaces&#8221; css=&#8221;.vc_custom_1464179425808{margin-top: -30px !important;margin-bottom: 0px !important;}&#8221;][vc_column][vc_gmaps link=&#8221;#E-8_JTNDaWZyYW1lJTIwc3JjJTNEJTIyaHR0cHMlM0ElMkYlMkZ3d3cuZ29vZ2xlLmNvbSUyRm1hcHMlMkZlbWJlZCUzRnBiJTNEJTIxMW0xOCUyMTFtMTIlMjExbTMlMjExZDMwMTQuOTAzMTExNjk0NDM5MyUyMTJkMjkuMTc3MDkxMTc2NzI2NzczJTIxM2Q0MC45MTc4NzAyMjQ5ODU4MjYlMjEybTMlMjExZjAlMjEyZjAlMjEzZjAlMjEzbTIlMjExaTEwMjQlMjEyaTc2OCUyMTRmMTMuMSUyMTNtMyUyMTFtMiUyMTFzMHgxNGNhYzQ2NzNmODZkZGQxJTI1M0EweDlhYWFkNjIwYmZjMGJjNjIlMjEyc0hBTkFSVCUyNTIwTSUyNUM0JTI1QjBNQVJMSUslMjE1ZTAlMjEzbTIlMjExc3RyJTIxMnN0ciUyMTR2MTcxODI2ODYzNDcwMSUyMTVtMiUyMTFzdHIlMjEyc3RyJTIyJTIwd2lkdGglM0QlMjI2MDAlMjIlMjBoZWlnaHQlM0QlMjI0NTAlMjIlMjBmcmFtZWJvcmRlciUzRCUyMjAlMjIlMjBzdHlsZSUzRCUyMmJvcmRlciUzQTAlMjIlMjBhbGxvd2Z1bGxzY3JlZW4lM0UlM0MlMkZpZnJhbWUlM0U=&#8221; css=&#8221;&#8221;][\/vc_column][\/vc_row][vc_row full_width=&#8221;stretch_row&#8221; css=&#8221;.vc_custom_1721212656902{padding-bottom: 50px !important;background-color: #1c1f26 !important;}&#8221;][vc_column width=&#8221;1\/2&#8243;][\/vc_column][vc_column width=&#8221;1\/2&#8243;][\/vc_column][\/vc_row]<\/p>\n","protected":false},"author":1,"featured_media":0,"parent":0,"menu_order":0,"comment_status":"closed","ping_status":"closed","template":"","meta":{"footnotes":""},"class_list":["post-1878","page","type-page","status-publish","hentry"],"yoast_head":"<!-- This site is optimized with the Yoast SEO plugin v23.1 - https:\/\/yoast.com\/wordpress\/plugins\/seo\/ -->\n<title>\u0130leti\u015fim - Hanart Mimarl\u0131k | Diba \u0130n\u015faat<\/title>\n<meta name=\"robots\" content=\"index, follow, max-snippet:-1, max-image-preview:large, max-video-preview:-1\" \/>\n<link rel=\"canonical\" href=\"https:\/\/www.dibainsaat.com.tr\/index.php\/iletisim\/\" \/>\n<meta property=\"og:locale\" content=\"tr_TR\" \/>\n<meta property=\"og:type\" content=\"article\" \/>\n<meta property=\"og:title\" content=\"\u0130leti\u015fim - Hanart Mimarl\u0131k | Diba \u0130n\u015faat\" \/>\n<meta property=\"og:description\" content=\"[vc_row full_width=&#8221;stretch_row_content_no_spaces&#8221; css=&#8221;.vc_custom_1464179425808{margin-top: -30px !important;margin-bottom: 0px !important;}&#8221;][vc_column][vc_gmaps link=&#8221;#E-8_JTNDaWZyYW1lJTIwc3JjJTNEJTIyaHR0cHMlM0ElMkYlMkZ3d3cuZ29vZ2xlLmNvbSUyRm1hcHMlMkZlbWJlZCUzRnBiJTNEJTIxMW0xOCUyMTFtMTIlMjExbTMlMjExZDMwMTQuOTAzMTExNjk0NDM5MyUyMTJkMjkuMTc3MDkxMTc2NzI2NzczJTIxM2Q0MC45MTc4NzAyMjQ5ODU4MjYlMjEybTMlMjExZjAlMjEyZjAlMjEzZjAlMjEzbTIlMjExaTEwMjQlMjEyaTc2OCUyMTRmMTMuMSUyMTNtMyUyMTFtMiUyMTFzMHgxNGNhYzQ2NzNmODZkZGQxJTI1M0EweDlhYWFkNjIwYmZjMGJjNjIlMjEyc0hBTkFSVCUyNTIwTSUyNUM0JTI1QjBNQVJMSUslMjE1ZTAlMjEzbTIlMjExc3RyJTIxMnN0ciUyMTR2MTcxODI2ODYzNDcwMSUyMTVtMiUyMTFzdHIlMjEyc3RyJTIyJTIwd2lkdGglM0QlMjI2MDAlMjIlMjBoZWlnaHQlM0QlMjI0NTAlMjIlMjBmcmFtZWJvcmRlciUzRCUyMjAlMjIlMjBzdHlsZSUzRCUyMmJvcmRlciUzQTAlMjIlMjBhbGxvd2Z1bGxzY3JlZW4lM0UlM0MlMkZpZnJhbWUlM0U=&#8221; css=&#8221;&#8221;][\/vc_column][\/vc_row][vc_row full_width=&#8221;stretch_row&#8221; css=&#8221;.vc_custom_1721212656902{padding-bottom: 50px !important;background-color: #1c1f26 !important;}&#8221;][vc_column width=&#8221;1\/2&#8243;][\/vc_column][vc_column width=&#8221;1\/2&#8243;][\/vc_column][\/vc_row]\" \/>\n<meta property=\"og:url\" content=\"https:\/\/www.dibainsaat.com.tr\/index.php\/iletisim\/\" \/>\n<meta property=\"og:site_name\" content=\"Hanart Mimarl\u0131k | Diba \u0130n\u015faat\" \/>\n<meta property=\"article:modified_time\" content=\"2024-07-17T10:37:39+00:00\" \/>\n<meta name=\"twitter:card\" content=\"summary_large_image\" \/>\n<meta name=\"twitter:label1\" content=\"Tahmini okuma s\u00fcresi\" \/>\n\t<meta name=\"twitter:data1\" content=\"1 dakika\" \/>\n<script type=\"application\/ld+json\" class=\"yoast-schema-graph\">{\"@context\":\"https:\/\/schema.org\",\"@graph\":[{\"@type\":\"WebPage\",\"@id\":\"https:\/\/www.dibainsaat.com.tr\/index.php\/iletisim\/\",\"url\":\"https:\/\/www.dibainsaat.com.tr\/index.php\/iletisim\/\",\"name\":\"\u0130leti\u015fim - Hanart Mimarl\u0131k | Diba \u0130n\u015faat\",\"isPartOf\":{\"@id\":\"https:\/\/www.dibainsaat.com.tr\/#website\"},\"datePublished\":\"2016-05-25T12:13:19+00:00\",\"dateModified\":\"2024-07-17T10:37:39+00:00\",\"breadcrumb\":{\"@id\":\"https:\/\/www.dibainsaat.com.tr\/index.php\/iletisim\/#breadcrumb\"},\"inLanguage\":\"tr\",\"potentialAction\":[{\"@type\":\"ReadAction\",\"target\":[\"https:\/\/www.dibainsaat.com.tr\/index.php\/iletisim\/\"]}]},{\"@type\":\"BreadcrumbList\",\"@id\":\"https:\/\/www.dibainsaat.com.tr\/index.php\/iletisim\/#breadcrumb\",\"itemListElement\":[{\"@type\":\"ListItem\",\"position\":1,\"name\":\"Anasayfa\",\"item\":\"https:\/\/www.dibainsaat.com.tr\/\"},{\"@type\":\"ListItem\",\"position\":2,\"name\":\"\u0130leti\u015fim\"}]},{\"@type\":\"WebSite\",\"@id\":\"https:\/\/www.dibainsaat.com.tr\/#website\",\"url\":\"https:\/\/www.dibainsaat.com.tr\/\",\"name\":\"Hanart Mimarl\u0131k | Diba \u0130n\u015faat\",\"description\":\"\",\"publisher\":{\"@id\":\"https:\/\/www.dibainsaat.com.tr\/#organization\"},\"potentialAction\":[{\"@type\":\"SearchAction\",\"target\":{\"@type\":\"EntryPoint\",\"urlTemplate\":\"https:\/\/www.dibainsaat.com.tr\/?s={search_term_string}\"},\"query-input\":\"required name=search_term_string\"}],\"inLanguage\":\"tr\"},{\"@type\":\"Organization\",\"@id\":\"https:\/\/www.dibainsaat.com.tr\/#organization\",\"name\":\"Hanart Mimarl\u0131k | Diba \u0130n\u015faat\",\"url\":\"https:\/\/www.dibainsaat.com.tr\/\",\"logo\":{\"@type\":\"ImageObject\",\"inLanguage\":\"tr\",\"@id\":\"https:\/\/www.dibainsaat.com.tr\/#\/schema\/logo\/image\/\",\"url\":\"https:\/\/www.dibainsaat.com.tr\/wp-content\/uploads\/2024\/07\/HANLOGO22_03.png\",\"contentUrl\":\"https:\/\/www.dibainsaat.com.tr\/wp-content\/uploads\/2024\/07\/HANLOGO22_03.png\",\"width\":658,\"height\":246,\"caption\":\"Hanart Mimarl\u0131k | Diba \u0130n\u015faat\"},\"image\":{\"@id\":\"https:\/\/www.dibainsaat.com.tr\/#\/schema\/logo\/image\/\"}}]}<\/script>\n<!-- \/ Yoast SEO plugin. -->","yoast_head_json":{"title":"\u0130leti\u015fim - Hanart Mimarl\u0131k | Diba \u0130n\u015faat","robots":{"index":"index","follow":"follow","max-snippet":"max-snippet:-1","max-image-preview":"max-image-preview:large","max-video-preview":"max-video-preview:-1"},"canonical":"https:\/\/www.dibainsaat.com.tr\/index.php\/iletisim\/","og_locale":"tr_TR","og_type":"article","og_title":"\u0130leti\u015fim - Hanart Mimarl\u0131k | Diba \u0130n\u015faat","og_description":"[vc_row full_width=&#8221;stretch_row_content_no_spaces&#8221; css=&#8221;.vc_custom_1464179425808{margin-top: -30px !important;margin-bottom: 0px !important;}&#8221;][vc_column][vc_gmaps link=&#8221;#E-8_JTNDaWZyYW1lJTIwc3JjJTNEJTIyaHR0cHMlM0ElMkYlMkZ3d3cuZ29vZ2xlLmNvbSUyRm1hcHMlMkZlbWJlZCUzRnBiJTNEJTIxMW0xOCUyMTFtMTIlMjExbTMlMjExZDMwMTQuOTAzMTExNjk0NDM5MyUyMTJkMjkuMTc3MDkxMTc2NzI2NzczJTIxM2Q0MC45MTc4NzAyMjQ5ODU4MjYlMjEybTMlMjExZjAlMjEyZjAlMjEzZjAlMjEzbTIlMjExaTEwMjQlMjEyaTc2OCUyMTRmMTMuMSUyMTNtMyUyMTFtMiUyMTFzMHgxNGNhYzQ2NzNmODZkZGQxJTI1M0EweDlhYWFkNjIwYmZjMGJjNjIlMjEyc0hBTkFSVCUyNTIwTSUyNUM0JTI1QjBNQVJMSUslMjE1ZTAlMjEzbTIlMjExc3RyJTIxMnN0ciUyMTR2MTcxODI2ODYzNDcwMSUyMTVtMiUyMTFzdHIlMjEyc3RyJTIyJTIwd2lkdGglM0QlMjI2MDAlMjIlMjBoZWlnaHQlM0QlMjI0NTAlMjIlMjBmcmFtZWJvcmRlciUzRCUyMjAlMjIlMjBzdHlsZSUzRCUyMmJvcmRlciUzQTAlMjIlMjBhbGxvd2Z1bGxzY3JlZW4lM0UlM0MlMkZpZnJhbWUlM0U=&#8221; css=&#8221;&#8221;][\/vc_column][\/vc_row][vc_row full_width=&#8221;stretch_row&#8221; css=&#8221;.vc_custom_1721212656902{padding-bottom: 50px !important;background-color: #1c1f26 !important;}&#8221;][vc_column width=&#8221;1\/2&#8243;][\/vc_column][vc_column width=&#8221;1\/2&#8243;][\/vc_column][\/vc_row]","og_url":"https:\/\/www.dibainsaat.com.tr\/index.php\/iletisim\/","og_site_name":"Hanart Mimarl\u0131k | Diba \u0130n\u015faat","article_modified_time":"2024-07-17T10:37:39+00:00","twitter_card":"summary_large_image","twitter_misc":{"Tahmini okuma s\u00fcresi":"1 dakika"},"schema":{"@context":"https:\/\/schema.org","@graph":[{"@type":"WebPage","@id":"https:\/\/www.dibainsaat.com.tr\/index.php\/iletisim\/","url":"https:\/\/www.dibainsaat.com.tr\/index.php\/iletisim\/","name":"\u0130leti\u015fim - Hanart Mimarl\u0131k | Diba \u0130n\u015faat","isPartOf":{"@id":"https:\/\/www.dibainsaat.com.tr\/#website"},"datePublished":"2016-05-25T12:13:19+00:00","dateModified":"2024-07-17T10:37:39+00:00","breadcrumb":{"@id":"https:\/\/www.dibainsaat.com.tr\/index.php\/iletisim\/#breadcrumb"},"inLanguage":"tr","potentialAction":[{"@type":"ReadAction","target":["https:\/\/www.dibainsaat.com.tr\/index.php\/iletisim\/"]}]},{"@type":"BreadcrumbList","@id":"https:\/\/www.dibainsaat.com.tr\/index.php\/iletisim\/#breadcrumb","itemListElement":[{"@type":"ListItem","position":1,"name":"Anasayfa","item":"https:\/\/www.dibainsaat.com.tr\/"},{"@type":"ListItem","position":2,"name":"\u0130leti\u015fim"}]},{"@type":"WebSite","@id":"https:\/\/www.dibainsaat.com.tr\/#website","url":"https:\/\/www.dibainsaat.com.tr\/","name":"Hanart Mimarl\u0131k | Diba \u0130n\u015faat","description":"","publisher":{"@id":"https:\/\/www.dibainsaat.com.tr\/#organization"},"potentialAction":[{"@type":"SearchAction","target":{"@type":"EntryPoint","urlTemplate":"https:\/\/www.dibainsaat.com.tr\/?s={search_term_string}"},"query-input":"required name=search_term_string"}],"inLanguage":"tr"},{"@type":"Organization","@id":"https:\/\/www.dibainsaat.com.tr\/#organization","name":"Hanart Mimarl\u0131k | Diba \u0130n\u015faat","url":"https:\/\/www.dibainsaat.com.tr\/","logo":{"@type":"ImageObject","inLanguage":"tr","@id":"https:\/\/www.dibainsaat.com.tr\/#\/schema\/logo\/image\/","url":"https:\/\/www.dibainsaat.com.tr\/wp-content\/uploads\/2024\/07\/HANLOGO22_03.png","contentUrl":"https:\/\/www.dibainsaat.com.tr\/wp-content\/uploads\/2024\/07\/HANLOGO22_03.png","width":658,"height":246,"caption":"Hanart Mimarl\u0131k | Diba \u0130n\u015faat"},"image":{"@id":"https:\/\/www.dibainsaat.com.tr\/#\/schema\/logo\/image\/"}}]}},"_links":{"self":[{"href":"https:\/\/www.dibainsaat.com.tr\/index.php\/wp-json\/wp\/v2\/pages\/1878","targetHints":{"allow":["GET"]}}],"collection":[{"href":"https:\/\/www.dibainsaat.com.tr\/index.php\/wp-json\/wp\/v2\/pages"}],"about":[{"href":"https:\/\/www.dibainsaat.com.tr\/index.php\/wp-json\/wp\/v2\/types\/page"}],"author":[{"embeddable":true,"href":"https:\/\/www.dibainsaat.com.tr\/index.php\/wp-json\/wp\/v2\/users\/1"}],"replies":[{"embeddable":true,"href":"https:\/\/www.dibainsaat.com.tr\/index.php\/wp-json\/wp\/v2\/comments?post=1878"}],"version-history":[{"count":24,"href":"https:\/\/www.dibainsaat.com.tr\/index.php\/wp-json\/wp\/v2\/pages\/1878\/revisions"}],"predecessor-version":[{"id":3817,"href":"https:\/\/www.dibainsaat.com.tr\/index.php\/wp-json\/wp\/v2\/pages\/1878\/revisions\/3817"}],"wp:attachment":[{"href":"https:\/\/www.dibainsaat.com.tr\/index.php\/wp-json\/wp\/v2\/media?parent=1878"}],"curies":[{"name":"wp","href":"https:\/\/api.w.org\/{rel}","templated":true}]}}