{"id":2047,"date":"2016-05-26T11:54:08","date_gmt":"2016-05-26T11:54:08","guid":{"rendered":"http:\/\/wp.magnium-themes.com\/thebuilt\/thebuilt-4\/?page_id=2047"},"modified":"2024-07-21T21:28:52","modified_gmt":"2024-07-21T21:28:52","slug":"hakkimizda","status":"publish","type":"page","link":"https:\/\/www.dibainsaat.com.tr\/index.php\/hakkimizda\/","title":{"rendered":"Hakk\u0131m\u0131zda"},"content":{"rendered":"<div class=\"wpb-content-wrapper\"><p>[vc_row equal_height=&#8221;yes&#8221; css=&#8221;.vc_custom_1464263823580{margin-bottom: 30px !important;}&#8221;][vc_column width=&#8221;1\/2&#8243;]<div class=\"mgt-header-block clearfix text-left text-black wpb_content_element  mgt-header-block-style-1 mgt-header-texttransform-header  vc_custom_1718266637188\"><h2 class=\"mgt-header-block-title\">Hanart Mimarl\u0131k Restorasyon \u0130n\u015f. ve Tic. Ltd. \u015eti.<\/h2><div class=\"mgt-header-line\"><\/div><\/div>[vc_column_text css=&#8221;&#8221;]Restorasyon, mimari tasar\u0131m, in\u015faat ve \u00e7evre d\u00fczenleme konular\u0131nda proje ve uygulama \u00e7al\u0131\u015fmalar\u0131 yapmakta olan Hanart Mimarl\u0131k, Y.Mim. Rest. Uzm. Bar\u0131\u015f Han (YT\u00dc) taraf\u0131ndan 2004 y\u0131l\u0131nda kurulmu\u015ftur.<\/p>\n<p>Kuruldu\u011fu g\u00fcnden bug\u00fcne bir \u00e7ok ba\u015far\u0131lara imza atan firmam\u0131z, deneyimli ve kendi konusunda uzman kadrosu ile hizmetinizdedir.<\/p>\n<p>Her ge\u00e7en g\u00fcn bilgi, tecr\u00fcbe ve i\u015f yapma kapasitesini artt\u0131ran firmam\u0131z\u0131n ana felsefesi do\u011fru, d\u00fcr\u00fcst, ilkeli bir marka olabilmek ve yat\u0131r\u0131mc\u0131 m\u00fc\u015fterilerimizin memnuniyetini sa\u011flamakt\u0131r.[\/vc_column_text][\/vc_column][vc_column width=&#8221;1\/2&#8243;][vc_single_image image=&#8221;3786&#8243; img_size=&#8221;full&#8221; css=&#8221;&#8221;][\/vc_column][\/vc_row][vc_row equal_height=&#8221;yes&#8221; css=&#8221;.vc_custom_1464263823580{margin-bottom: 30px !important;}&#8221;][vc_column width=&#8221;1\/2&#8243;]<div class=\"mgt-header-block clearfix text-left text-black wpb_content_element  mgt-header-block-style-1 mgt-header-texttransform-header  vc_custom_1718266773278\"><h2 class=\"mgt-header-block-title\">Diba \u0130n\u015faat Yap\u0131 San. ve Tic. A.\u015e.<\/h2><div class=\"mgt-header-line\"><\/div><\/div>[vc_column_text css=&#8221;&#8221;]2014 y\u0131l\u0131nda kurulan \u015firketimizin kurucu ortaklar\u0131 Bar\u0131\u015f HAN ve Din\u00e7er \u015eAH\u0130N 20 y\u0131l\u0131 a\u015fk\u0131n mesleki tecr\u00fcbelerini bir araya getirerek al\u0131\u015fagelmi\u015f in\u015faat uygulamalar\u0131n\u0131n d\u0131\u015f\u0131nda farkl\u0131 projeleri hayata ge\u00e7irme hedefini benimsemi\u015flerdir. Bu hedef do\u011frultusunda \u015firketimiz uzman kadrosu ve ekipmanlar\u0131yla se\u00e7ilmi\u015f projelere taahh\u00fct, m\u00fc\u015favirlik ve dan\u0131\u015fmanl\u0131k hizmetleri vermektedir.<\/p>\n<p>Her ge\u00e7en g\u00fcn bilgi, tecr\u00fcbe ve i\u015f yapma kapasitesini artt\u0131ran firmam\u0131z\u0131n ana felsefesi do\u011fru, d\u00fcr\u00fcst, ilkeli bir marka olabilmek ve yat\u0131r\u0131mc\u0131 m\u00fc\u015fterilerimizin memnuniyetini sa\u011flamakt\u0131r.[\/vc_column_text][\/vc_column][vc_column width=&#8221;1\/2&#8243;][vc_single_image image=&#8221;3774&#8243; img_size=&#8221;full&#8221; alignment=&#8221;center&#8221; css=&#8221;&#8221;][\/vc_column][\/vc_row]<\/p>\n<\/div>","protected":false},"excerpt":{"rendered":"<p>[vc_row equal_height=&#8221;yes&#8221; css=&#8221;.vc_custom_1464263823580{margin-bottom: 30px !important;}&#8221;][vc_column width=&#8221;1\/2&#8243;][vc_column_text css=&#8221;&#8221;]Restorasyon, mimari tasar\u0131m, in\u015faat ve \u00e7evre d\u00fczenleme konular\u0131nda proje ve uygulama \u00e7al\u0131\u015fmalar\u0131 yapmakta olan Hanart Mimarl\u0131k, Y.Mim. Rest. Uzm. Bar\u0131\u015f Han (YT\u00dc) taraf\u0131ndan 2004&#8230;<\/p>\n","protected":false},"author":1,"featured_media":0,"parent":0,"menu_order":0,"comment_status":"closed","ping_status":"closed","template":"","meta":{"footnotes":""},"class_list":["post-2047","page","type-page","status-publish","hentry"],"yoast_head":"<!-- This site is optimized with the Yoast SEO plugin v23.1 - https:\/\/yoast.com\/wordpress\/plugins\/seo\/ -->\n<title>Hakk\u0131m\u0131zda - Hanart Mimarl\u0131k | Diba \u0130n\u015faat<\/title>\n<meta name=\"robots\" content=\"index, follow, max-snippet:-1, max-image-preview:large, max-video-preview:-1\" \/>\n<link rel=\"canonical\" href=\"https:\/\/www.dibainsaat.com.tr\/index.php\/hakkimizda\/\" \/>\n<meta property=\"og:locale\" content=\"tr_TR\" \/>\n<meta property=\"og:type\" content=\"article\" \/>\n<meta property=\"og:title\" content=\"Hakk\u0131m\u0131zda - Hanart Mimarl\u0131k | Diba \u0130n\u015faat\" \/>\n<meta property=\"og:description\" content=\"[vc_row equal_height=&#8221;yes&#8221; css=&#8221;.vc_custom_1464263823580{margin-bottom: 30px !important;}&#8221;][vc_column width=&#8221;1\/2&#8243;][vc_column_text css=&#8221;&#8221;]Restorasyon, mimari tasar\u0131m, in\u015faat ve \u00e7evre d\u00fczenleme konular\u0131nda proje ve uygulama \u00e7al\u0131\u015fmalar\u0131 yapmakta olan Hanart Mimarl\u0131k, Y.Mim. Rest. Uzm. Bar\u0131\u015f Han (YT\u00dc) taraf\u0131ndan 2004...\" \/>\n<meta property=\"og:url\" content=\"https:\/\/www.dibainsaat.com.tr\/index.php\/hakkimizda\/\" \/>\n<meta property=\"og:site_name\" content=\"Hanart Mimarl\u0131k | Diba \u0130n\u015faat\" \/>\n<meta property=\"article:modified_time\" content=\"2024-07-21T21:28:52+00:00\" \/>\n<meta name=\"twitter:card\" content=\"summary_large_image\" \/>\n<meta name=\"twitter:label1\" content=\"Tahmini okuma s\u00fcresi\" \/>\n\t<meta name=\"twitter:data1\" content=\"2 dakika\" \/>\n<script type=\"application\/ld+json\" class=\"yoast-schema-graph\">{\"@context\":\"https:\/\/schema.org\",\"@graph\":[{\"@type\":\"WebPage\",\"@id\":\"https:\/\/www.dibainsaat.com.tr\/index.php\/hakkimizda\/\",\"url\":\"https:\/\/www.dibainsaat.com.tr\/index.php\/hakkimizda\/\",\"name\":\"Hakk\u0131m\u0131zda - Hanart Mimarl\u0131k | Diba \u0130n\u015faat\",\"isPartOf\":{\"@id\":\"https:\/\/www.dibainsaat.com.tr\/#website\"},\"datePublished\":\"2016-05-26T11:54:08+00:00\",\"dateModified\":\"2024-07-21T21:28:52+00:00\",\"breadcrumb\":{\"@id\":\"https:\/\/www.dibainsaat.com.tr\/index.php\/hakkimizda\/#breadcrumb\"},\"inLanguage\":\"tr\",\"potentialAction\":[{\"@type\":\"ReadAction\",\"target\":[\"https:\/\/www.dibainsaat.com.tr\/index.php\/hakkimizda\/\"]}]},{\"@type\":\"BreadcrumbList\",\"@id\":\"https:\/\/www.dibainsaat.com.tr\/index.php\/hakkimizda\/#breadcrumb\",\"itemListElement\":[{\"@type\":\"ListItem\",\"position\":1,\"name\":\"Anasayfa\",\"item\":\"https:\/\/www.dibainsaat.com.tr\/\"},{\"@type\":\"ListItem\",\"position\":2,\"name\":\"Hakk\u0131m\u0131zda\"}]},{\"@type\":\"WebSite\",\"@id\":\"https:\/\/www.dibainsaat.com.tr\/#website\",\"url\":\"https:\/\/www.dibainsaat.com.tr\/\",\"name\":\"Hanart Mimarl\u0131k | Diba \u0130n\u015faat\",\"description\":\"\",\"publisher\":{\"@id\":\"https:\/\/www.dibainsaat.com.tr\/#organization\"},\"potentialAction\":[{\"@type\":\"SearchAction\",\"target\":{\"@type\":\"EntryPoint\",\"urlTemplate\":\"https:\/\/www.dibainsaat.com.tr\/?s={search_term_string}\"},\"query-input\":\"required name=search_term_string\"}],\"inLanguage\":\"tr\"},{\"@type\":\"Organization\",\"@id\":\"https:\/\/www.dibainsaat.com.tr\/#organization\",\"name\":\"Hanart Mimarl\u0131k | Diba \u0130n\u015faat\",\"url\":\"https:\/\/www.dibainsaat.com.tr\/\",\"logo\":{\"@type\":\"ImageObject\",\"inLanguage\":\"tr\",\"@id\":\"https:\/\/www.dibainsaat.com.tr\/#\/schema\/logo\/image\/\",\"url\":\"https:\/\/www.dibainsaat.com.tr\/wp-content\/uploads\/2024\/07\/HANLOGO22_03.png\",\"contentUrl\":\"https:\/\/www.dibainsaat.com.tr\/wp-content\/uploads\/2024\/07\/HANLOGO22_03.png\",\"width\":658,\"height\":246,\"caption\":\"Hanart Mimarl\u0131k | Diba \u0130n\u015faat\"},\"image\":{\"@id\":\"https:\/\/www.dibainsaat.com.tr\/#\/schema\/logo\/image\/\"}}]}<\/script>\n<!-- \/ Yoast SEO plugin. -->","yoast_head_json":{"title":"Hakk\u0131m\u0131zda - Hanart Mimarl\u0131k | Diba \u0130n\u015faat","robots":{"index":"index","follow":"follow","max-snippet":"max-snippet:-1","max-image-preview":"max-image-preview:large","max-video-preview":"max-video-preview:-1"},"canonical":"https:\/\/www.dibainsaat.com.tr\/index.php\/hakkimizda\/","og_locale":"tr_TR","og_type":"article","og_title":"Hakk\u0131m\u0131zda - Hanart Mimarl\u0131k | Diba \u0130n\u015faat","og_description":"[vc_row equal_height=&#8221;yes&#8221; css=&#8221;.vc_custom_1464263823580{margin-bottom: 30px !important;}&#8221;][vc_column width=&#8221;1\/2&#8243;][vc_column_text css=&#8221;&#8221;]Restorasyon, mimari tasar\u0131m, in\u015faat ve \u00e7evre d\u00fczenleme konular\u0131nda proje ve uygulama \u00e7al\u0131\u015fmalar\u0131 yapmakta olan Hanart Mimarl\u0131k, Y.Mim. Rest. Uzm. Bar\u0131\u015f Han (YT\u00dc) taraf\u0131ndan 2004...","og_url":"https:\/\/www.dibainsaat.com.tr\/index.php\/hakkimizda\/","og_site_name":"Hanart Mimarl\u0131k | Diba \u0130n\u015faat","article_modified_time":"2024-07-21T21:28:52+00:00","twitter_card":"summary_large_image","twitter_misc":{"Tahmini okuma s\u00fcresi":"2 dakika"},"schema":{"@context":"https:\/\/schema.org","@graph":[{"@type":"WebPage","@id":"https:\/\/www.dibainsaat.com.tr\/index.php\/hakkimizda\/","url":"https:\/\/www.dibainsaat.com.tr\/index.php\/hakkimizda\/","name":"Hakk\u0131m\u0131zda - Hanart Mimarl\u0131k | Diba \u0130n\u015faat","isPartOf":{"@id":"https:\/\/www.dibainsaat.com.tr\/#website"},"datePublished":"2016-05-26T11:54:08+00:00","dateModified":"2024-07-21T21:28:52+00:00","breadcrumb":{"@id":"https:\/\/www.dibainsaat.com.tr\/index.php\/hakkimizda\/#breadcrumb"},"inLanguage":"tr","potentialAction":[{"@type":"ReadAction","target":["https:\/\/www.dibainsaat.com.tr\/index.php\/hakkimizda\/"]}]},{"@type":"BreadcrumbList","@id":"https:\/\/www.dibainsaat.com.tr\/index.php\/hakkimizda\/#breadcrumb","itemListElement":[{"@type":"ListItem","position":1,"name":"Anasayfa","item":"https:\/\/www.dibainsaat.com.tr\/"},{"@type":"ListItem","position":2,"name":"Hakk\u0131m\u0131zda"}]},{"@type":"WebSite","@id":"https:\/\/www.dibainsaat.com.tr\/#website","url":"https:\/\/www.dibainsaat.com.tr\/","name":"Hanart Mimarl\u0131k | Diba \u0130n\u015faat","description":"","publisher":{"@id":"https:\/\/www.dibainsaat.com.tr\/#organization"},"potentialAction":[{"@type":"SearchAction","target":{"@type":"EntryPoint","urlTemplate":"https:\/\/www.dibainsaat.com.tr\/?s={search_term_string}"},"query-input":"required name=search_term_string"}],"inLanguage":"tr"},{"@type":"Organization","@id":"https:\/\/www.dibainsaat.com.tr\/#organization","name":"Hanart Mimarl\u0131k | Diba \u0130n\u015faat","url":"https:\/\/www.dibainsaat.com.tr\/","logo":{"@type":"ImageObject","inLanguage":"tr","@id":"https:\/\/www.dibainsaat.com.tr\/#\/schema\/logo\/image\/","url":"https:\/\/www.dibainsaat.com.tr\/wp-content\/uploads\/2024\/07\/HANLOGO22_03.png","contentUrl":"https:\/\/www.dibainsaat.com.tr\/wp-content\/uploads\/2024\/07\/HANLOGO22_03.png","width":658,"height":246,"caption":"Hanart Mimarl\u0131k | Diba \u0130n\u015faat"},"image":{"@id":"https:\/\/www.dibainsaat.com.tr\/#\/schema\/logo\/image\/"}}]}},"_links":{"self":[{"href":"https:\/\/www.dibainsaat.com.tr\/index.php\/wp-json\/wp\/v2\/pages\/2047","targetHints":{"allow":["GET"]}}],"collection":[{"href":"https:\/\/www.dibainsaat.com.tr\/index.php\/wp-json\/wp\/v2\/pages"}],"about":[{"href":"https:\/\/www.dibainsaat.com.tr\/index.php\/wp-json\/wp\/v2\/types\/page"}],"author":[{"embeddable":true,"href":"https:\/\/www.dibainsaat.com.tr\/index.php\/wp-json\/wp\/v2\/users\/1"}],"replies":[{"embeddable":true,"href":"https:\/\/www.dibainsaat.com.tr\/index.php\/wp-json\/wp\/v2\/comments?post=2047"}],"version-history":[{"count":21,"href":"https:\/\/www.dibainsaat.com.tr\/index.php\/wp-json\/wp\/v2\/pages\/2047\/revisions"}],"predecessor-version":[{"id":4666,"href":"https:\/\/www.dibainsaat.com.tr\/index.php\/wp-json\/wp\/v2\/pages\/2047\/revisions\/4666"}],"wp:attachment":[{"href":"https:\/\/www.dibainsaat.com.tr\/index.php\/wp-json\/wp\/v2\/media?parent=2047"}],"curies":[{"name":"wp","href":"https:\/\/api.w.org\/{rel}","templated":true}]}}