{"id":4321,"date":"2024-07-02T12:36:09","date_gmt":"2024-07-02T12:36:09","guid":{"rendered":"https:\/\/hanartmimarlik.com.tr\/web\/?page_id=4321"},"modified":"2024-07-23T21:31:46","modified_gmt":"2024-07-23T21:31:46","slug":"referanslar","status":"publish","type":"page","link":"https:\/\/www.dibainsaat.com.tr\/index.php\/referanslar\/","title":{"rendered":"Referanslar"},"content":{"rendered":"<div class=\"wpb-content-wrapper\"><p>[vc_row][vc_column]<div class=\"mgt-header-block clearfix text-left text-black wpb_content_element  mgt-header-block-style-1 mgt-header-texttransform-header \"><h2 class=\"mgt-header-block-title\">Referanslar\u0131m\u0131z<\/h2><div class=\"mgt-header-line\"><\/div><\/div>[\/vc_column][\/vc_row][vc_row][vc_column][vc_single_image image=&#8221;4692&#8243; img_size=&#8221;full&#8221; css=&#8221;&#8221;][\/vc_column][\/vc_row]<\/p>\n<\/div>","protected":false},"excerpt":{"rendered":"<p>[vc_row][vc_column][\/vc_column][\/vc_row][vc_row][vc_column][vc_single_image image=&#8221;4692&#8243; img_size=&#8221;full&#8221; css=&#8221;&#8221;][\/vc_column][\/vc_row]<\/p>\n","protected":false},"author":1,"featured_media":0,"parent":0,"menu_order":0,"comment_status":"closed","ping_status":"closed","template":"","meta":{"footnotes":""},"class_list":["post-4321","page","type-page","status-publish","hentry"],"yoast_head":"<!-- This site is optimized with the Yoast SEO plugin v23.1 - https:\/\/yoast.com\/wordpress\/plugins\/seo\/ -->\n<title>Referanslar - Hanart Mimarl\u0131k | Diba \u0130n\u015faat<\/title>\n<meta name=\"robots\" content=\"index, follow, max-snippet:-1, max-image-preview:large, max-video-preview:-1\" \/>\n<link rel=\"canonical\" href=\"https:\/\/www.dibainsaat.com.tr\/index.php\/referanslar\/\" \/>\n<meta property=\"og:locale\" content=\"tr_TR\" \/>\n<meta property=\"og:type\" content=\"article\" \/>\n<meta property=\"og:title\" content=\"Referanslar - Hanart Mimarl\u0131k | Diba \u0130n\u015faat\" \/>\n<meta property=\"og:description\" content=\"[vc_row][vc_column][\/vc_column][\/vc_row][vc_row][vc_column][vc_single_image image=&#8221;4692&#8243; img_size=&#8221;full&#8221; css=&#8221;&#8221;][\/vc_column][\/vc_row]\" \/>\n<meta property=\"og:url\" content=\"https:\/\/www.dibainsaat.com.tr\/index.php\/referanslar\/\" \/>\n<meta property=\"og:site_name\" content=\"Hanart Mimarl\u0131k | Diba \u0130n\u015faat\" \/>\n<meta property=\"article:modified_time\" content=\"2024-07-23T21:31:46+00:00\" \/>\n<meta name=\"twitter:card\" content=\"summary_large_image\" \/>\n<script type=\"application\/ld+json\" class=\"yoast-schema-graph\">{\"@context\":\"https:\/\/schema.org\",\"@graph\":[{\"@type\":\"WebPage\",\"@id\":\"https:\/\/www.dibainsaat.com.tr\/index.php\/referanslar\/\",\"url\":\"https:\/\/www.dibainsaat.com.tr\/index.php\/referanslar\/\",\"name\":\"Referanslar - Hanart Mimarl\u0131k | Diba \u0130n\u015faat\",\"isPartOf\":{\"@id\":\"https:\/\/www.dibainsaat.com.tr\/#website\"},\"datePublished\":\"2024-07-02T12:36:09+00:00\",\"dateModified\":\"2024-07-23T21:31:46+00:00\",\"breadcrumb\":{\"@id\":\"https:\/\/www.dibainsaat.com.tr\/index.php\/referanslar\/#breadcrumb\"},\"inLanguage\":\"tr\",\"potentialAction\":[{\"@type\":\"ReadAction\",\"target\":[\"https:\/\/www.dibainsaat.com.tr\/index.php\/referanslar\/\"]}]},{\"@type\":\"BreadcrumbList\",\"@id\":\"https:\/\/www.dibainsaat.com.tr\/index.php\/referanslar\/#breadcrumb\",\"itemListElement\":[{\"@type\":\"ListItem\",\"position\":1,\"name\":\"Anasayfa\",\"item\":\"https:\/\/www.dibainsaat.com.tr\/\"},{\"@type\":\"ListItem\",\"position\":2,\"name\":\"Referanslar\"}]},{\"@type\":\"WebSite\",\"@id\":\"https:\/\/www.dibainsaat.com.tr\/#website\",\"url\":\"https:\/\/www.dibainsaat.com.tr\/\",\"name\":\"Hanart Mimarl\u0131k | Diba \u0130n\u015faat\",\"description\":\"\",\"publisher\":{\"@id\":\"https:\/\/www.dibainsaat.com.tr\/#organization\"},\"potentialAction\":[{\"@type\":\"SearchAction\",\"target\":{\"@type\":\"EntryPoint\",\"urlTemplate\":\"https:\/\/www.dibainsaat.com.tr\/?s={search_term_string}\"},\"query-input\":\"required name=search_term_string\"}],\"inLanguage\":\"tr\"},{\"@type\":\"Organization\",\"@id\":\"https:\/\/www.dibainsaat.com.tr\/#organization\",\"name\":\"Hanart Mimarl\u0131k | Diba \u0130n\u015faat\",\"url\":\"https:\/\/www.dibainsaat.com.tr\/\",\"logo\":{\"@type\":\"ImageObject\",\"inLanguage\":\"tr\",\"@id\":\"https:\/\/www.dibainsaat.com.tr\/#\/schema\/logo\/image\/\",\"url\":\"https:\/\/www.dibainsaat.com.tr\/wp-content\/uploads\/2024\/07\/HANLOGO22_03.png\",\"contentUrl\":\"https:\/\/www.dibainsaat.com.tr\/wp-content\/uploads\/2024\/07\/HANLOGO22_03.png\",\"width\":658,\"height\":246,\"caption\":\"Hanart Mimarl\u0131k | Diba \u0130n\u015faat\"},\"image\":{\"@id\":\"https:\/\/www.dibainsaat.com.tr\/#\/schema\/logo\/image\/\"}}]}<\/script>\n<!-- \/ Yoast SEO plugin. -->","yoast_head_json":{"title":"Referanslar - Hanart Mimarl\u0131k | Diba \u0130n\u015faat","robots":{"index":"index","follow":"follow","max-snippet":"max-snippet:-1","max-image-preview":"max-image-preview:large","max-video-preview":"max-video-preview:-1"},"canonical":"https:\/\/www.dibainsaat.com.tr\/index.php\/referanslar\/","og_locale":"tr_TR","og_type":"article","og_title":"Referanslar - Hanart Mimarl\u0131k | Diba \u0130n\u015faat","og_description":"[vc_row][vc_column][\/vc_column][\/vc_row][vc_row][vc_column][vc_single_image image=&#8221;4692&#8243; img_size=&#8221;full&#8221; css=&#8221;&#8221;][\/vc_column][\/vc_row]","og_url":"https:\/\/www.dibainsaat.com.tr\/index.php\/referanslar\/","og_site_name":"Hanart Mimarl\u0131k | Diba \u0130n\u015faat","article_modified_time":"2024-07-23T21:31:46+00:00","twitter_card":"summary_large_image","schema":{"@context":"https:\/\/schema.org","@graph":[{"@type":"WebPage","@id":"https:\/\/www.dibainsaat.com.tr\/index.php\/referanslar\/","url":"https:\/\/www.dibainsaat.com.tr\/index.php\/referanslar\/","name":"Referanslar - Hanart Mimarl\u0131k | Diba \u0130n\u015faat","isPartOf":{"@id":"https:\/\/www.dibainsaat.com.tr\/#website"},"datePublished":"2024-07-02T12:36:09+00:00","dateModified":"2024-07-23T21:31:46+00:00","breadcrumb":{"@id":"https:\/\/www.dibainsaat.com.tr\/index.php\/referanslar\/#breadcrumb"},"inLanguage":"tr","potentialAction":[{"@type":"ReadAction","target":["https:\/\/www.dibainsaat.com.tr\/index.php\/referanslar\/"]}]},{"@type":"BreadcrumbList","@id":"https:\/\/www.dibainsaat.com.tr\/index.php\/referanslar\/#breadcrumb","itemListElement":[{"@type":"ListItem","position":1,"name":"Anasayfa","item":"https:\/\/www.dibainsaat.com.tr\/"},{"@type":"ListItem","position":2,"name":"Referanslar"}]},{"@type":"WebSite","@id":"https:\/\/www.dibainsaat.com.tr\/#website","url":"https:\/\/www.dibainsaat.com.tr\/","name":"Hanart Mimarl\u0131k | Diba \u0130n\u015faat","description":"","publisher":{"@id":"https:\/\/www.dibainsaat.com.tr\/#organization"},"potentialAction":[{"@type":"SearchAction","target":{"@type":"EntryPoint","urlTemplate":"https:\/\/www.dibainsaat.com.tr\/?s={search_term_string}"},"query-input":"required name=search_term_string"}],"inLanguage":"tr"},{"@type":"Organization","@id":"https:\/\/www.dibainsaat.com.tr\/#organization","name":"Hanart Mimarl\u0131k | Diba \u0130n\u015faat","url":"https:\/\/www.dibainsaat.com.tr\/","logo":{"@type":"ImageObject","inLanguage":"tr","@id":"https:\/\/www.dibainsaat.com.tr\/#\/schema\/logo\/image\/","url":"https:\/\/www.dibainsaat.com.tr\/wp-content\/uploads\/2024\/07\/HANLOGO22_03.png","contentUrl":"https:\/\/www.dibainsaat.com.tr\/wp-content\/uploads\/2024\/07\/HANLOGO22_03.png","width":658,"height":246,"caption":"Hanart Mimarl\u0131k | Diba \u0130n\u015faat"},"image":{"@id":"https:\/\/www.dibainsaat.com.tr\/#\/schema\/logo\/image\/"}}]}},"_links":{"self":[{"href":"https:\/\/www.dibainsaat.com.tr\/index.php\/wp-json\/wp\/v2\/pages\/4321","targetHints":{"allow":["GET"]}}],"collection":[{"href":"https:\/\/www.dibainsaat.com.tr\/index.php\/wp-json\/wp\/v2\/pages"}],"about":[{"href":"https:\/\/www.dibainsaat.com.tr\/index.php\/wp-json\/wp\/v2\/types\/page"}],"author":[{"embeddable":true,"href":"https:\/\/www.dibainsaat.com.tr\/index.php\/wp-json\/wp\/v2\/users\/1"}],"replies":[{"embeddable":true,"href":"https:\/\/www.dibainsaat.com.tr\/index.php\/wp-json\/wp\/v2\/comments?post=4321"}],"version-history":[{"count":6,"href":"https:\/\/www.dibainsaat.com.tr\/index.php\/wp-json\/wp\/v2\/pages\/4321\/revisions"}],"predecessor-version":[{"id":4693,"href":"https:\/\/www.dibainsaat.com.tr\/index.php\/wp-json\/wp\/v2\/pages\/4321\/revisions\/4693"}],"wp:attachment":[{"href":"https:\/\/www.dibainsaat.com.tr\/index.php\/wp-json\/wp\/v2\/media?parent=4321"}],"curies":[{"name":"wp","href":"https:\/\/api.w.org\/{rel}","templated":true}]}}