{"id":4403,"date":"2024-07-03T10:46:29","date_gmt":"2024-07-03T10:46:29","guid":{"rendered":"https:\/\/hanartmimarlik.com.tr\/web\/?page_id=4403"},"modified":"2024-09-16T08:20:28","modified_gmt":"2024-09-16T08:20:28","slug":"uygulamalar","status":"publish","type":"page","link":"https:\/\/www.dibainsaat.com.tr\/index.php\/uygulamalar\/","title":{"rendered":"Uygulamalar"},"content":{"rendered":"<div class=\"wpb-content-wrapper\"><p>[vc_row][vc_column]<div class=\"mgt-header-block clearfix text-left text-black wpb_content_element  mgt-header-block-style-1 mgt-header-texttransform-header \"><h2 class=\"mgt-header-block-title\">UYGULAMALARIMIZDAN<\/h2><p class=\"mgt-header-block-subtitle\">BAZILARI<\/p><\/div>[\/vc_column][\/vc_row][vc_row full_width=&#8221;stretch_row&#8221; css=&#8221;.vc_custom_1720002319859{background-color: #2a2f35 !important;}&#8221;][vc_column]<div class=\"mgt-header-block clearfix text-left text-white wpb_content_element  mgt-header-block-style-1 mgt-header-texttransform-header \"><h3 class=\"mgt-header-block-title\">ESK\u0130 ESER UYGULAMALARI<\/h3><div class=\"mgt-header-line\"><\/div><\/div>[vc_basic_grid post_type=&#8221;mgt_portfolio&#8221; max_items=&#8221;&#8221; style=&#8221;load-more&#8221; items_per_page=&#8221;4&#8243; element_width=&#8221;3&#8243; order=&#8221;ASC&#8221; item=&#8221;4367&#8243; css=&#8221;.vc_custom_1720003628600{margin-bottom: 20px !important;}&#8221; btn_title=&#8221;Devam\u0131&#8221; btn_style=&#8221;outline&#8221; btn_shape=&#8221;square&#8221; btn_color=&#8221;orange&#8221; btn_size=&#8221;lg&#8221; grid_id=&#8221;vc_gid:1726474787119-88ebce3d-6237-9&#8243; taxonomies=&#8221;60&#8243;][\/vc_column][\/vc_row][vc_row full_width=&#8221;stretch_row&#8221; css=&#8221;.vc_custom_1720003840527{background-color: #1c1f26 !important;}&#8221;][vc_column]<div class=\"mgt-header-block clearfix text-left text-white wpb_content_element  mgt-header-block-style-1 mgt-header-texttransform-header \"><h2 class=\"mgt-header-block-title\">CAM\u0130 UYGULAMALARI<\/h2><div class=\"mgt-header-line\"><\/div><\/div>[vc_basic_grid post_type=&#8221;mgt_portfolio&#8221; max_items=&#8221;&#8221; style=&#8221;load-more&#8221; items_per_page=&#8221;4&#8243; element_width=&#8221;3&#8243; order=&#8221;ASC&#8221; item=&#8221;4367&#8243; css=&#8221;.vc_custom_1720003646345{margin-bottom: 20px !important;}&#8221; btn_title=&#8221;Devam\u0131&#8221; btn_style=&#8221;outline&#8221; btn_shape=&#8221;square&#8221; btn_color=&#8221;orange&#8221; btn_size=&#8221;lg&#8221; grid_id=&#8221;vc_gid:1726474787120-33b1253f-ba04-3&#8243; taxonomies=&#8221;62&#8243;][\/vc_column][\/vc_row][vc_row full_width=&#8221;stretch_row&#8221; css=&#8221;.vc_custom_1721212391834{margin-bottom: 0px !important;background-color: #2a2f35 !important;}&#8221;][vc_column]<div class=\"mgt-header-block clearfix text-left text-white wpb_content_element  mgt-header-block-style-1 mgt-header-texttransform-header \"><h2 class=\"mgt-header-block-title\">\u0130N\u015eAAT TAAHH\u00dcTLER\u0130<\/h2><div class=\"mgt-header-line\"><\/div><\/div><div class=\"mgt-header-block clearfix text-left text-white wpb_content_element  mgt-header-block-style-1 mgt-header-texttransform-header \"><h4 class=\"mgt-header-block-title\">Ticari<\/h4><\/div>[vc_basic_grid post_type=&#8221;mgt_portfolio&#8221; max_items=&#8221;&#8221; style=&#8221;load-more&#8221; items_per_page=&#8221;4&#8243; element_width=&#8221;3&#8243; order=&#8221;ASC&#8221; item=&#8221;4367&#8243; css=&#8221;.vc_custom_1720003669659{margin-bottom: 20px !important;}&#8221; btn_title=&#8221;Devam\u0131&#8221; btn_style=&#8221;outline&#8221; btn_shape=&#8221;square&#8221; btn_color=&#8221;orange&#8221; btn_size=&#8221;lg&#8221; grid_id=&#8221;vc_gid:1726474787120-1e2ce49d-d954-5&#8243; taxonomies=&#8221;61&#8243;][vc_empty_space]<div class=\"mgt-header-block clearfix text-left text-white wpb_content_element  mgt-header-block-style-1 mgt-header-texttransform-header \"><h4 class=\"mgt-header-block-title\">Konut<\/h4><\/div>[vc_basic_grid post_type=&#8221;mgt_portfolio&#8221; max_items=&#8221;&#8221; style=&#8221;load-more&#8221; items_per_page=&#8221;4&#8243; element_width=&#8221;3&#8243; order=&#8221;ASC&#8221; item=&#8221;4367&#8243; css=&#8221;.vc_custom_1726474827198{margin-bottom: 20px !important;}&#8221; btn_title=&#8221;Devam\u0131&#8221; btn_style=&#8221;outline&#8221; btn_shape=&#8221;square&#8221; btn_color=&#8221;orange&#8221; btn_size=&#8221;lg&#8221; grid_id=&#8221;vc_gid:1726474787121-85ecc668-7882-9&#8243; taxonomies=&#8221;64&#8243;][\/vc_column][\/vc_row]<\/p>\n<\/div>","protected":false},"excerpt":{"rendered":"<p>[vc_row][vc_column][\/vc_column][\/vc_row][vc_row full_width=&#8221;stretch_row&#8221; css=&#8221;.vc_custom_1720002319859{background-color: #2a2f35 !important;}&#8221;][vc_column][vc_basic_grid post_type=&#8221;mgt_portfolio&#8221; max_items=&#8221;&#8221; style=&#8221;load-more&#8221; items_per_page=&#8221;4&#8243; element_width=&#8221;3&#8243; order=&#8221;ASC&#8221; item=&#8221;4367&#8243; css=&#8221;.vc_custom_1720003628600{margin-bottom: 20px !important;}&#8221; btn_title=&#8221;Devam\u0131&#8221; btn_style=&#8221;outline&#8221; btn_shape=&#8221;square&#8221; btn_color=&#8221;orange&#8221; btn_size=&#8221;lg&#8221; grid_id=&#8221;vc_gid:1726474787119-88ebce3d-6237-9&#8243; taxonomies=&#8221;60&#8243;][\/vc_column][\/vc_row][vc_row full_width=&#8221;stretch_row&#8221; css=&#8221;.vc_custom_1720003840527{background-color: #1c1f26 !important;}&#8221;][vc_column][vc_basic_grid post_type=&#8221;mgt_portfolio&#8221; max_items=&#8221;&#8221; style=&#8221;load-more&#8221; items_per_page=&#8221;4&#8243;&#8230;<\/p>\n","protected":false},"author":1,"featured_media":0,"parent":0,"menu_order":0,"comment_status":"closed","ping_status":"closed","template":"","meta":{"footnotes":""},"class_list":["post-4403","page","type-page","status-publish","hentry"],"yoast_head":"<!-- This site is optimized with the Yoast SEO plugin v23.1 - https:\/\/yoast.com\/wordpress\/plugins\/seo\/ -->\n<title>Uygulamalar - Hanart Mimarl\u0131k | Diba \u0130n\u015faat<\/title>\n<meta name=\"robots\" content=\"index, follow, max-snippet:-1, max-image-preview:large, max-video-preview:-1\" \/>\n<link rel=\"canonical\" href=\"https:\/\/www.dibainsaat.com.tr\/index.php\/uygulamalar\/\" \/>\n<meta property=\"og:locale\" content=\"tr_TR\" \/>\n<meta property=\"og:type\" content=\"article\" \/>\n<meta property=\"og:title\" content=\"Uygulamalar - Hanart Mimarl\u0131k | Diba \u0130n\u015faat\" \/>\n<meta property=\"og:description\" content=\"[vc_row][vc_column][\/vc_column][\/vc_row][vc_row full_width=&#8221;stretch_row&#8221; css=&#8221;.vc_custom_1720002319859{background-color: #2a2f35 !important;}&#8221;][vc_column][vc_basic_grid post_type=&#8221;mgt_portfolio&#8221; max_items=&#8221;&#8221; style=&#8221;load-more&#8221; items_per_page=&#8221;4&#8243; element_width=&#8221;3&#8243; order=&#8221;ASC&#8221; item=&#8221;4367&#8243; css=&#8221;.vc_custom_1720003628600{margin-bottom: 20px !important;}&#8221; btn_title=&#8221;Devam\u0131&#8221; btn_style=&#8221;outline&#8221; btn_shape=&#8221;square&#8221; btn_color=&#8221;orange&#8221; btn_size=&#8221;lg&#8221; grid_id=&#8221;vc_gid:1726474787119-88ebce3d-6237-9&#8243; taxonomies=&#8221;60&#8243;][\/vc_column][\/vc_row][vc_row full_width=&#8221;stretch_row&#8221; css=&#8221;.vc_custom_1720003840527{background-color: #1c1f26 !important;}&#8221;][vc_column][vc_basic_grid post_type=&#8221;mgt_portfolio&#8221; max_items=&#8221;&#8221; style=&#8221;load-more&#8221; items_per_page=&#8221;4&#8243;...\" \/>\n<meta property=\"og:url\" content=\"https:\/\/www.dibainsaat.com.tr\/index.php\/uygulamalar\/\" \/>\n<meta property=\"og:site_name\" content=\"Hanart Mimarl\u0131k | Diba \u0130n\u015faat\" \/>\n<meta property=\"article:modified_time\" content=\"2024-09-16T08:20:28+00:00\" \/>\n<meta name=\"twitter:card\" content=\"summary_large_image\" \/>\n<meta name=\"twitter:label1\" content=\"Tahmini okuma s\u00fcresi\" \/>\n\t<meta name=\"twitter:data1\" content=\"1 dakika\" \/>\n<script type=\"application\/ld+json\" class=\"yoast-schema-graph\">{\"@context\":\"https:\/\/schema.org\",\"@graph\":[{\"@type\":\"WebPage\",\"@id\":\"https:\/\/www.dibainsaat.com.tr\/index.php\/uygulamalar\/\",\"url\":\"https:\/\/www.dibainsaat.com.tr\/index.php\/uygulamalar\/\",\"name\":\"Uygulamalar - Hanart Mimarl\u0131k | Diba \u0130n\u015faat\",\"isPartOf\":{\"@id\":\"https:\/\/www.dibainsaat.com.tr\/#website\"},\"datePublished\":\"2024-07-03T10:46:29+00:00\",\"dateModified\":\"2024-09-16T08:20:28+00:00\",\"breadcrumb\":{\"@id\":\"https:\/\/www.dibainsaat.com.tr\/index.php\/uygulamalar\/#breadcrumb\"},\"inLanguage\":\"tr\",\"potentialAction\":[{\"@type\":\"ReadAction\",\"target\":[\"https:\/\/www.dibainsaat.com.tr\/index.php\/uygulamalar\/\"]}]},{\"@type\":\"BreadcrumbList\",\"@id\":\"https:\/\/www.dibainsaat.com.tr\/index.php\/uygulamalar\/#breadcrumb\",\"itemListElement\":[{\"@type\":\"ListItem\",\"position\":1,\"name\":\"Anasayfa\",\"item\":\"https:\/\/www.dibainsaat.com.tr\/\"},{\"@type\":\"ListItem\",\"position\":2,\"name\":\"Uygulamalar\"}]},{\"@type\":\"WebSite\",\"@id\":\"https:\/\/www.dibainsaat.com.tr\/#website\",\"url\":\"https:\/\/www.dibainsaat.com.tr\/\",\"name\":\"Hanart Mimarl\u0131k | Diba \u0130n\u015faat\",\"description\":\"\",\"publisher\":{\"@id\":\"https:\/\/www.dibainsaat.com.tr\/#organization\"},\"potentialAction\":[{\"@type\":\"SearchAction\",\"target\":{\"@type\":\"EntryPoint\",\"urlTemplate\":\"https:\/\/www.dibainsaat.com.tr\/?s={search_term_string}\"},\"query-input\":\"required name=search_term_string\"}],\"inLanguage\":\"tr\"},{\"@type\":\"Organization\",\"@id\":\"https:\/\/www.dibainsaat.com.tr\/#organization\",\"name\":\"Hanart Mimarl\u0131k | Diba \u0130n\u015faat\",\"url\":\"https:\/\/www.dibainsaat.com.tr\/\",\"logo\":{\"@type\":\"ImageObject\",\"inLanguage\":\"tr\",\"@id\":\"https:\/\/www.dibainsaat.com.tr\/#\/schema\/logo\/image\/\",\"url\":\"https:\/\/www.dibainsaat.com.tr\/wp-content\/uploads\/2024\/07\/HANLOGO22_03.png\",\"contentUrl\":\"https:\/\/www.dibainsaat.com.tr\/wp-content\/uploads\/2024\/07\/HANLOGO22_03.png\",\"width\":658,\"height\":246,\"caption\":\"Hanart Mimarl\u0131k | Diba \u0130n\u015faat\"},\"image\":{\"@id\":\"https:\/\/www.dibainsaat.com.tr\/#\/schema\/logo\/image\/\"}}]}<\/script>\n<!-- \/ Yoast SEO plugin. -->","yoast_head_json":{"title":"Uygulamalar - Hanart Mimarl\u0131k | Diba \u0130n\u015faat","robots":{"index":"index","follow":"follow","max-snippet":"max-snippet:-1","max-image-preview":"max-image-preview:large","max-video-preview":"max-video-preview:-1"},"canonical":"https:\/\/www.dibainsaat.com.tr\/index.php\/uygulamalar\/","og_locale":"tr_TR","og_type":"article","og_title":"Uygulamalar - Hanart Mimarl\u0131k | Diba \u0130n\u015faat","og_description":"[vc_row][vc_column][\/vc_column][\/vc_row][vc_row full_width=&#8221;stretch_row&#8221; css=&#8221;.vc_custom_1720002319859{background-color: #2a2f35 !important;}&#8221;][vc_column][vc_basic_grid post_type=&#8221;mgt_portfolio&#8221; max_items=&#8221;&#8221; style=&#8221;load-more&#8221; items_per_page=&#8221;4&#8243; element_width=&#8221;3&#8243; order=&#8221;ASC&#8221; item=&#8221;4367&#8243; css=&#8221;.vc_custom_1720003628600{margin-bottom: 20px !important;}&#8221; btn_title=&#8221;Devam\u0131&#8221; btn_style=&#8221;outline&#8221; btn_shape=&#8221;square&#8221; btn_color=&#8221;orange&#8221; btn_size=&#8221;lg&#8221; grid_id=&#8221;vc_gid:1726474787119-88ebce3d-6237-9&#8243; taxonomies=&#8221;60&#8243;][\/vc_column][\/vc_row][vc_row full_width=&#8221;stretch_row&#8221; css=&#8221;.vc_custom_1720003840527{background-color: #1c1f26 !important;}&#8221;][vc_column][vc_basic_grid post_type=&#8221;mgt_portfolio&#8221; max_items=&#8221;&#8221; style=&#8221;load-more&#8221; items_per_page=&#8221;4&#8243;...","og_url":"https:\/\/www.dibainsaat.com.tr\/index.php\/uygulamalar\/","og_site_name":"Hanart Mimarl\u0131k | Diba \u0130n\u015faat","article_modified_time":"2024-09-16T08:20:28+00:00","twitter_card":"summary_large_image","twitter_misc":{"Tahmini okuma s\u00fcresi":"1 dakika"},"schema":{"@context":"https:\/\/schema.org","@graph":[{"@type":"WebPage","@id":"https:\/\/www.dibainsaat.com.tr\/index.php\/uygulamalar\/","url":"https:\/\/www.dibainsaat.com.tr\/index.php\/uygulamalar\/","name":"Uygulamalar - Hanart Mimarl\u0131k | Diba \u0130n\u015faat","isPartOf":{"@id":"https:\/\/www.dibainsaat.com.tr\/#website"},"datePublished":"2024-07-03T10:46:29+00:00","dateModified":"2024-09-16T08:20:28+00:00","breadcrumb":{"@id":"https:\/\/www.dibainsaat.com.tr\/index.php\/uygulamalar\/#breadcrumb"},"inLanguage":"tr","potentialAction":[{"@type":"ReadAction","target":["https:\/\/www.dibainsaat.com.tr\/index.php\/uygulamalar\/"]}]},{"@type":"BreadcrumbList","@id":"https:\/\/www.dibainsaat.com.tr\/index.php\/uygulamalar\/#breadcrumb","itemListElement":[{"@type":"ListItem","position":1,"name":"Anasayfa","item":"https:\/\/www.dibainsaat.com.tr\/"},{"@type":"ListItem","position":2,"name":"Uygulamalar"}]},{"@type":"WebSite","@id":"https:\/\/www.dibainsaat.com.tr\/#website","url":"https:\/\/www.dibainsaat.com.tr\/","name":"Hanart Mimarl\u0131k | Diba \u0130n\u015faat","description":"","publisher":{"@id":"https:\/\/www.dibainsaat.com.tr\/#organization"},"potentialAction":[{"@type":"SearchAction","target":{"@type":"EntryPoint","urlTemplate":"https:\/\/www.dibainsaat.com.tr\/?s={search_term_string}"},"query-input":"required name=search_term_string"}],"inLanguage":"tr"},{"@type":"Organization","@id":"https:\/\/www.dibainsaat.com.tr\/#organization","name":"Hanart Mimarl\u0131k | Diba \u0130n\u015faat","url":"https:\/\/www.dibainsaat.com.tr\/","logo":{"@type":"ImageObject","inLanguage":"tr","@id":"https:\/\/www.dibainsaat.com.tr\/#\/schema\/logo\/image\/","url":"https:\/\/www.dibainsaat.com.tr\/wp-content\/uploads\/2024\/07\/HANLOGO22_03.png","contentUrl":"https:\/\/www.dibainsaat.com.tr\/wp-content\/uploads\/2024\/07\/HANLOGO22_03.png","width":658,"height":246,"caption":"Hanart Mimarl\u0131k | Diba \u0130n\u015faat"},"image":{"@id":"https:\/\/www.dibainsaat.com.tr\/#\/schema\/logo\/image\/"}}]}},"_links":{"self":[{"href":"https:\/\/www.dibainsaat.com.tr\/index.php\/wp-json\/wp\/v2\/pages\/4403","targetHints":{"allow":["GET"]}}],"collection":[{"href":"https:\/\/www.dibainsaat.com.tr\/index.php\/wp-json\/wp\/v2\/pages"}],"about":[{"href":"https:\/\/www.dibainsaat.com.tr\/index.php\/wp-json\/wp\/v2\/types\/page"}],"author":[{"embeddable":true,"href":"https:\/\/www.dibainsaat.com.tr\/index.php\/wp-json\/wp\/v2\/users\/1"}],"replies":[{"embeddable":true,"href":"https:\/\/www.dibainsaat.com.tr\/index.php\/wp-json\/wp\/v2\/comments?post=4403"}],"version-history":[{"count":12,"href":"https:\/\/www.dibainsaat.com.tr\/index.php\/wp-json\/wp\/v2\/pages\/4403\/revisions"}],"predecessor-version":[{"id":4714,"href":"https:\/\/www.dibainsaat.com.tr\/index.php\/wp-json\/wp\/v2\/pages\/4403\/revisions\/4714"}],"wp:attachment":[{"href":"https:\/\/www.dibainsaat.com.tr\/index.php\/wp-json\/wp\/v2\/media?parent=4403"}],"curies":[{"name":"wp","href":"https:\/\/api.w.org\/{rel}","templated":true}]}}